{"id":945,"date":"2022-03-29T11:56:41","date_gmt":"2022-03-29T09:56:41","guid":{"rendered":"https:\/\/www.graf-verpackungen.de\/?page_id=945"},"modified":"2026-01-11T15:20:49","modified_gmt":"2026-01-11T14:20:49","slug":"jobs","status":"publish","type":"page","link":"https:\/\/www.graf-verpackungen.de\/en\/jobs\/","title":{"rendered":"Jobs"},"content":{"rendered":"<p>[et_pb_section fb_built=&#8220;1&#8243; admin_label=&#8220;Header&#8220; _builder_version=&#8220;4.27.4&#8243; background_color=&#8220;rgba(255,255,255,0.86)&#8220; background_color_gradient_direction=&#8220;188deg&#8220; background_color_gradient_start=&#8220;#ffffff&#8220; background_color_gradient_end=&#8220;rgba(255,255,255,0)&#8220; background_enable_image=&#8220;off&#8220; width=&#8220;100%&#8220; max_width=&#8220;100%&#8220; max_width_tablet=&#8220;&#8220; max_width_phone=&#8220;&#8220; max_width_last_edited=&#8220;on|desktop&#8220; min_height=&#8220;300px&#8220; min_height_tablet=&#8220;300px&#8220; min_height_phone=&#8220;430px&#8220; min_height_last_edited=&#8220;off|desktop&#8220; height=&#8220;375px&#8220; height_tablet=&#8220;&#8220; height_phone=&#8220;535px&#8220; height_last_edited=&#8220;on|phone&#8220; custom_margin=&#8220;0px||0px||false|false&#8220; custom_margin_tablet=&#8220;0px||0px||false|false&#8220; custom_margin_phone=&#8220;-25px||0px||false|false&#8220; custom_margin_last_edited=&#8220;on|phone&#8220; custom_padding=&#8220;0px||0px||true|false&#8220; da_disable_devices=&#8220;off|off|off&#8220; border_style_all=&#8220;none&#8220; global_colors_info=&#8220;{}&#8220; da_is_popup=&#8220;off&#8220; da_exit_intent=&#8220;off&#8220; da_has_close=&#8220;on&#8220; da_alt_close=&#8220;off&#8220; da_dark_close=&#8220;off&#8220; da_not_modal=&#8220;on&#8220; da_is_singular=&#8220;off&#8220; da_with_loader=&#8220;off&#8220; da_has_shadow=&#8220;on&#8220;][et_pb_row _builder_version=&#8220;4.17.3&#8243; _module_preset=&#8220;default&#8220; custom_margin=&#8220;25px||||false|false&#8220; custom_margin_tablet=&#8220;25px||||false|false&#8220; custom_margin_phone=&#8220;10px||||false|false&#8220; custom_margin_last_edited=&#8220;on|phone&#8220; global_colors_info=&#8220;{}&#8220;][et_pb_column type=&#8220;4_4&#8243; _builder_version=&#8220;4.17.4&#8243; _module_preset=&#8220;default&#8220; global_colors_info=&#8220;{}&#8220;][et_pb_text admin_label=&#8220;Text&#8220; _builder_version=&#8220;4.27.4&#8243; _module_preset=&#8220;default&#8220; custom_margin_tablet=&#8220;&#8220; custom_margin_phone=&#8220;15px||||false|false&#8220; custom_margin_last_edited=&#8220;on|phone&#8220; global_colors_info=&#8220;{}&#8220;]<\/p>\n<p style=\"text-align: center;\"><strong><span style=\"color: #000000;\">\u00a0Sie sind auf der Suche nach einem tollen Arbeitsklima und einer Festanstellung mit Perspektive und guten Verdienstm\u00f6glichkeiten? <\/span><\/strong><\/p>\n<p style=\"text-align: center;\"><strong><span style=\"color: #000000;\">Dann sind Sie bei Graf Verpackungen GmbH genau richtig!<br \/><\/span><\/strong><span style=\"color: #000000;\"><\/span><\/p>\n<p style=\"text-align: center;\"><span style=\"color: #000000;\"><strong><span style=\"text-decoration: underline;\">Wir bilden auch aus!<\/span><\/strong><br \/>Erlernt bei uns den Beruf des<br \/>&#8211; Packmitteltechnologen<br \/>&#8211; Medientechnologen\/Druck<\/span><\/p>\n<p style=\"text-align: center;\"><strong>Senden Sie uns Ihre Bewerbungsunterlagen per E-Mail oder rufen Sie uns einfach an. Wir freuen uns auf Sie!<\/strong><\/p>\n<p>&nbsp;<\/p>\n<p style=\"text-align: center;\"><strong><\/strong><\/p>\n<p style=\"text-align: center;\"><strong><\/strong><\/p>\n<p>[\/et_pb_text][\/et_pb_column][\/et_pb_row][\/et_pb_section][et_pb_section fb_built=&#8220;1&#8243; admin_label=&#8220;Jobs&#8220; _builder_version=&#8220;4.27.5&#8243; background_color=&#8220;rgba(255,255,255,0.86)&#8220; background_enable_image=&#8220;off&#8220; background_position=&#8220;top_center&#8220; min_height=&#8220;760px&#8220; min_height_tablet=&#8220;384px&#8220; min_height_phone=&#8220;200px&#8220; min_height_last_edited=&#8220;on|phone&#8220; height=&#8220;2900px&#8220; height_tablet=&#8220;760px&#8220; height_phone=&#8220;1240px&#8220; height_last_edited=&#8220;on|phone&#8220; custom_margin_tablet=&#8220;&#8220; custom_margin_phone=&#8220;26px||26px||true|false&#8220; custom_margin_last_edited=&#8220;on|phone&#8220; hover_enabled=&#8220;0&#8243; background_last_edited=&#8220;on|phone&#8220; background_enable_image_phone=&#8220;off&#8220; da_disable_devices=&#8220;off|off|off&#8220; global_colors_info=&#8220;{}&#8220; sticky_enabled=&#8220;0&#8243; da_is_popup=&#8220;off&#8220; da_exit_intent=&#8220;off&#8220; da_has_close=&#8220;on&#8220; da_alt_close=&#8220;off&#8220; da_dark_close=&#8220;off&#8220; da_not_modal=&#8220;on&#8220; da_is_singular=&#8220;off&#8220; da_with_loader=&#8220;off&#8220; da_has_shadow=&#8220;on&#8220;][et_pb_row _builder_version=&#8220;4.27.5&#8243; custom_margin=&#8220;-50px||||false|false&#8220; global_colors_info=&#8220;{}&#8220;][et_pb_column type=&#8220;4_4&#8243; admin_label=&#8220;Spalte&#8220; _builder_version=&#8220;4.16&#8243; custom_padding=&#8220;|||&#8220; global_colors_info=&#8220;{}&#8220; custom_padding__hover=&#8220;|||&#8220;][et_pb_image src=&#8220;https:\/\/www.graf-verpackungen.de\/wp-content\/uploads\/2025\/10\/Graf-Verpackungen-10-2025-Anlagenfuehrer-Neu.jpg&#8220; title_text=&#8220;Graf-Verpackungen-10-2025-Anlagenf\u00fchrer-Neu&#8220; show_in_lightbox=&#8220;on&#8220; align=&#8220;center&#8220; _builder_version=&#8220;4.27.5&#8243; _module_preset=&#8220;default&#8220; hover_enabled=&#8220;0&#8243; global_colors_info=&#8220;{}&#8220; src_last_edited=&#8220;on|phone&#8220; sticky_enabled=&#8220;0&#8243; src_tablet=&#8220;https:\/\/www.graf-verpackungen.de\/wp-content\/uploads\/2025\/10\/Graf-Verpackungen-10-2025-Anlagenfuehrer-Neu.jpg&#8220; src_phone=&#8220;https:\/\/www.graf-verpackungen.de\/wp-content\/uploads\/2025\/10\/Graf-Verpackungen-10-2025-Anlagenfuehrer-Neu.jpg&#8220;][\/et_pb_image][\/et_pb_column][\/et_pb_row][et_pb_row _builder_version=&#8220;4.27.4&#8243; custom_margin=&#8220;-50px||||false|false&#8220; custom_padding=&#8220;75px||||false|false&#8220; global_colors_info=&#8220;{}&#8220;][et_pb_column type=&#8220;4_4&#8243; admin_label=&#8220;Spalte&#8220; _builder_version=&#8220;4.16&#8243; custom_padding=&#8220;|||&#8220; global_colors_info=&#8220;{}&#8220; custom_padding__hover=&#8220;|||&#8220;][et_pb_image src=&#8220;https:\/\/www.graf-verpackungen.de\/wp-content\/uploads\/2025\/10\/Graf-Verpackungen-10-2025-Maschinenfuehrer-Helfer.jpg&#8220; title_text=&#8220;Graf-Verpackungen-10-2025-Maschinenf\u00fchrer-Helfer&#8220; show_in_lightbox=&#8220;on&#8220; align=&#8220;center&#8220; _builder_version=&#8220;4.27.5&#8243; _module_preset=&#8220;default&#8220; hover_enabled=&#8220;0&#8243; global_colors_info=&#8220;{}&#8220; sticky_enabled=&#8220;0&#8243;][\/et_pb_image][\/et_pb_column][\/et_pb_row][et_pb_row _builder_version=&#8220;4.27.5&#8243; custom_margin=&#8220;-50px||||false|false&#8220; custom_padding=&#8220;75px||||false|false&#8220; global_colors_info=&#8220;{}&#8220;][et_pb_column type=&#8220;4_4&#8243; admin_label=&#8220;Spalte&#8220; _builder_version=&#8220;4.27.5&#8243; custom_padding=&#8220;|||&#8220; global_colors_info=&#8220;{}&#8220; custom_padding__hover=&#8220;|||&#8220;][et_pb_image src=&#8220;https:\/\/www.graf-verpackungen.de\/wp-content\/uploads\/2026\/01\/Graf-Verpackungen-01-2026-KonfektionistN.jpg&#8220; title_text=&#8220;Graf-Verpackungen-01-2026-KonfektionistN&#8220; show_in_lightbox=&#8220;on&#8220; align=&#8220;center&#8220; _builder_version=&#8220;4.27.5&#8243; _module_preset=&#8220;default&#8220; hover_enabled=&#8220;0&#8243; global_colors_info=&#8220;{}&#8220; sticky_enabled=&#8220;0&#8243;][\/et_pb_image][\/et_pb_column][\/et_pb_row][\/et_pb_section]<\/p>\n","protected":false},"excerpt":{"rendered":"<p>\u00a0Sie sind auf der Suche nach einem tollen Arbeitsklima und einer Festanstellung mit Perspektive und guten Verdienstm\u00f6glichkeiten? Dann sind Sie bei Graf Verpackungen GmbH genau richtig! Wir bilden auch aus!Erlernt bei uns den Beruf des- Packmitteltechnologen- Medientechnologen\/Druck Senden Sie uns Ihre Bewerbungsunterlagen per E-Mail oder rufen Sie uns einfach an. Wir freuen uns auf Sie! [&hellip;]<\/p>\n","protected":false},"author":1,"featured_media":0,"parent":0,"menu_order":0,"comment_status":"closed","ping_status":"closed","template":"","meta":{"_et_pb_use_builder":"on","_et_pb_old_content":"<!-- wp:heading {\"align\":\"wide\",\"style\":{\"typography\":{\"lineHeight\":\"1.1\"}},\"className\":\"has-text-align-wide\",\"fontSize\":\"gigantic\"} -->\n<h2 class=\"alignwide has-text-align-wide has-gigantic-font-size\" style=\"line-height:1.1\">Gestalte deine Website mit Bl\u00f6cken<\/h2>\n<!-- \/wp:heading -->\n\n<!-- wp:spacer -->\n<div style=\"height:100px\" aria-hidden=\"true\" class=\"wp-block-spacer\"><\/div>\n<!-- \/wp:spacer -->\n\n<!-- wp:columns {\"verticalAlignment\":\"center\",\"align\":\"wide\",\"className\":\"is-style-twentytwentyone-columns-overlap\"} -->\n<div class=\"wp-block-columns alignwide are-vertically-aligned-center is-style-twentytwentyone-columns-overlap\"><!-- wp:column {\"verticalAlignment\":\"center\"} -->\n<div class=\"wp-block-column is-vertically-aligned-center\"><!-- wp:image {\"align\":\"full\",\"sizeSlug\":\"large\"} -->\n<figure class=\"wp-block-image alignfull size-large\"><img src=\"https:\/\/www.graf-verpackungen.de\/wp-content\/themes\/twentytwentyone\/assets\/images\/roses-tremieres-hollyhocks-1884.jpg\" alt=\"\u201eRoses Tr\u00e9mi\u00e8res (Stockrosen)\u201c von Berthe Morisot\"\/><\/figure>\n<!-- \/wp:image -->\n\n<!-- wp:spacer -->\n<div style=\"height:100px\" aria-hidden=\"true\" class=\"wp-block-spacer\"><\/div>\n<!-- \/wp:spacer -->\n\n<!-- wp:image {\"align\":\"full\",\"sizeSlug\":\"large\",\"className\":\"is-style-twentytwentyone-image-frame\"} -->\n<figure class=\"wp-block-image alignfull size-large is-style-twentytwentyone-image-frame\"><img src=\"https:\/\/www.graf-verpackungen.de\/wp-content\/themes\/twentytwentyone\/assets\/images\/in-the-bois-de-boulogne.jpg\" alt=\"\u201eIm Bois de Boulogne\u201c von Berthe Morisot\"\/><\/figure>\n<!-- \/wp:image --><\/div>\n<!-- \/wp:column -->\n\n<!-- wp:column {\"verticalAlignment\":\"center\"} -->\n<div class=\"wp-block-column is-vertically-aligned-center\"><!-- wp:spacer -->\n<div style=\"height:100px\" aria-hidden=\"true\" class=\"wp-block-spacer\"><\/div>\n<!-- \/wp:spacer -->\n\n<!-- wp:image {\"sizeSlug\":\"large\",\"className\":\"alignfull size-full is-style-twentytwentyone-border\"} -->\n<figure class=\"wp-block-image size-large alignfull size-full is-style-twentytwentyone-border\"><img src=\"https:\/\/www.graf-verpackungen.de\/wp-content\/themes\/twentytwentyone\/assets\/images\/young-woman-in-mauve.jpg\" alt=\"\u201eJunge Frau in Mauve\u201c von Berthe Morisot\"\/><\/figure>\n<!-- \/wp:image --><\/div>\n<!-- \/wp:column --><\/div>\n<!-- \/wp:columns -->\n\n<!-- wp:spacer {\"height\":50} -->\n<div style=\"height:50px\" aria-hidden=\"true\" class=\"wp-block-spacer\"><\/div>\n<!-- \/wp:spacer -->\n\n<!-- wp:columns {\"verticalAlignment\":\"top\",\"align\":\"wide\"} -->\n<div class=\"wp-block-columns alignwide are-vertically-aligned-top\"><!-- wp:column {\"verticalAlignment\":\"top\"} -->\n<div class=\"wp-block-column is-vertically-aligned-top\"><!-- wp:heading {\"level\":3} -->\n<h3>F\u00fcge Block-Vorlagen ein<\/h3>\n<!-- \/wp:heading -->\n\n<!-- wp:paragraph -->\n<p>Block-Vorlagen sind vorgefertigte Gruppen von Bl\u00f6cken. Um eine solche Vorlage hinzuzuf\u00fcgen, w\u00e4hle die Schaltfl\u00e4che Block hinzuf\u00fcgen [+] in der Symbolleiste oben im Editor. Wechsle zur Registerkarte \u201eVorlagen\u201c unter der Suchleiste, und w\u00e4hle eine Mustervorlage aus.<\/p>\n<!-- \/wp:paragraph --><\/div>\n<!-- \/wp:column -->\n\n<!-- wp:column {\"verticalAlignment\":\"top\"} -->\n<div class=\"wp-block-column is-vertically-aligned-top\"><!-- wp:heading {\"level\":3} -->\n<h3>Rahme deine Bilder<\/h3>\n<!-- \/wp:heading -->\n\n<!-- wp:paragraph -->\n<p>Twenty Twenty-One enth\u00e4lt stilvolle Umrandungen f\u00fcr Ihren Inhalt. Wenn ein Bildblock ausgew\u00e4hlt ist, \u00f6ffne den Bereich \u201eStile\u201c in der Seitenleiste des Editors. W\u00e4hle den Blockstil \u201eRahmen\u201c zum Aktivieren.<\/p>\n<!-- \/wp:paragraph --><\/div>\n<!-- \/wp:column -->\n\n<!-- wp:column {\"verticalAlignment\":\"top\"} -->\n<div class=\"wp-block-column is-vertically-aligned-top\"><!-- wp:heading {\"level\":3} -->\n<h3>\u00dcberlappe Spalten<\/h3>\n<!-- \/wp:heading -->\n\n<!-- wp:paragraph -->\n<p>Twenty Twenty-One enth\u00e4lt auch einen \u00dcberlappungsstil f\u00fcr Spaltenbl\u00f6cke. Wenn ein Spaltenblock ausgew\u00e4hlt ist, \u00f6ffne den Bereich \u201eStile\u201c in der Seitenleiste des Editors. W\u00e4hle den Blockstil \u201e\u00dcberlappung\u201c, um diesen auszuprobieren.<\/p>\n<!-- \/wp:paragraph --><\/div>\n<!-- \/wp:column --><\/div>\n<!-- \/wp:columns -->\n\n<!-- wp:spacer -->\n<div style=\"height:100px\" aria-hidden=\"true\" class=\"wp-block-spacer\"><\/div>\n<!-- \/wp:spacer -->\n\n<!-- wp:cover {\"overlayColor\":\"green\",\"contentPosition\":\"center center\",\"align\":\"wide\",\"className\":\"is-style-twentytwentyone-border\"} -->\n<div class=\"wp-block-cover alignwide has-green-background-color has-background-dim is-style-twentytwentyone-border\"><div class=\"wp-block-cover__inner-container\"><!-- wp:spacer {\"height\":20} -->\n<div style=\"height:20px\" aria-hidden=\"true\" class=\"wp-block-spacer\"><\/div>\n<!-- \/wp:spacer -->\n\n<!-- wp:paragraph {\"fontSize\":\"huge\"} -->\n<p class=\"has-huge-font-size\">Brauchst du Hilfe?<\/p>\n<!-- \/wp:paragraph -->\n\n<!-- wp:spacer {\"height\":75} -->\n<div style=\"height:75px\" aria-hidden=\"true\" class=\"wp-block-spacer\"><\/div>\n<!-- \/wp:spacer -->\n\n<!-- wp:columns -->\n<div class=\"wp-block-columns\"><!-- wp:column -->\n<div class=\"wp-block-column\"><!-- wp:paragraph -->\n<p><a href=\"https:\/\/wordpress.org\/support\/article\/twenty-twenty-one\/\">Lies die Theme-Dokumentation<\/a><\/p>\n<!-- \/wp:paragraph --><\/div>\n<!-- \/wp:column -->\n\n<!-- wp:column -->\n<div class=\"wp-block-column\"><!-- wp:paragraph -->\n<p><a href=\"https:\/\/wordpress.org\/support\/theme\/twentytwentyone\/\">Besuche die Support-Foren<\/a><\/p>\n<!-- \/wp:paragraph --><\/div>\n<!-- \/wp:column --><\/div>\n<!-- \/wp:columns -->\n\n<!-- wp:spacer {\"height\":20} -->\n<div style=\"height:20px\" aria-hidden=\"true\" class=\"wp-block-spacer\"><\/div>\n<!-- \/wp:spacer --><\/div><\/div>\n<!-- \/wp:cover -->","_et_gb_content_width":"","footnotes":""},"class_list":["post-945","page","type-page","status-publish","hentry"],"yoast_head":"<!-- This site is optimized with the Yoast SEO plugin v27.4 - https:\/\/yoast.com\/product\/yoast-seo-wordpress\/ -->\n<title>Jobs - Graf Verpackungen GmbH<\/title>\n<meta name=\"robots\" content=\"index, follow, max-snippet:-1, max-image-preview:large, max-video-preview:-1\" \/>\n<link rel=\"canonical\" href=\"https:\/\/www.graf-verpackungen.de\/en\/jobs\/\" \/>\n<meta property=\"og:locale\" content=\"en_GB\" \/>\n<meta property=\"og:type\" content=\"article\" \/>\n<meta property=\"og:title\" content=\"Jobs - Graf Verpackungen GmbH\" \/>\n<meta property=\"og:description\" content=\"\u00a0Sie sind auf der Suche nach einem tollen Arbeitsklima und einer Festanstellung mit Perspektive und guten Verdienstm\u00f6glichkeiten? Dann sind Sie bei Graf Verpackungen GmbH genau richtig! Wir bilden auch aus!Erlernt bei uns den Beruf des- Packmitteltechnologen- Medientechnologen\/Druck Senden Sie uns Ihre Bewerbungsunterlagen per E-Mail oder rufen Sie uns einfach an. Wir freuen uns auf Sie! [&hellip;]\" \/>\n<meta property=\"og:url\" content=\"https:\/\/www.graf-verpackungen.de\/en\/jobs\/\" \/>\n<meta property=\"og:site_name\" content=\"Graf Verpackungen GmbH\" \/>\n<meta property=\"article:modified_time\" content=\"2026-01-11T14:20:49+00:00\" \/>\n<meta name=\"twitter:card\" content=\"summary_large_image\" \/>\n<meta name=\"twitter:label1\" content=\"Estimated reading time\" \/>\n\t<meta name=\"twitter:data1\" content=\"4 minutes\" \/>\n<script type=\"application\/ld+json\" class=\"yoast-schema-graph\">{\"@context\":\"https:\\\/\\\/schema.org\",\"@graph\":[{\"@type\":\"WebPage\",\"@id\":\"https:\\\/\\\/www.graf-verpackungen.de\\\/jobs\\\/\",\"url\":\"https:\\\/\\\/www.graf-verpackungen.de\\\/jobs\\\/\",\"name\":\"Jobs - Graf Verpackungen GmbH\",\"isPartOf\":{\"@id\":\"https:\\\/\\\/www.graf-verpackungen.de\\\/#website\"},\"datePublished\":\"2022-03-29T09:56:41+00:00\",\"dateModified\":\"2026-01-11T14:20:49+00:00\",\"breadcrumb\":{\"@id\":\"https:\\\/\\\/www.graf-verpackungen.de\\\/jobs\\\/#breadcrumb\"},\"inLanguage\":\"en-GB\",\"potentialAction\":[{\"@type\":\"ReadAction\",\"target\":[\"https:\\\/\\\/www.graf-verpackungen.de\\\/jobs\\\/\"]}]},{\"@type\":\"BreadcrumbList\",\"@id\":\"https:\\\/\\\/www.graf-verpackungen.de\\\/jobs\\\/#breadcrumb\",\"itemListElement\":[{\"@type\":\"ListItem\",\"position\":1,\"name\":\"Startseite\",\"item\":\"https:\\\/\\\/www.graf-verpackungen.de\\\/\"},{\"@type\":\"ListItem\",\"position\":2,\"name\":\"Jobs\"}]},{\"@type\":\"WebSite\",\"@id\":\"https:\\\/\\\/www.graf-verpackungen.de\\\/#website\",\"url\":\"https:\\\/\\\/www.graf-verpackungen.de\\\/\",\"name\":\"Graf Verpackungen GmbH\",\"description\":\"\",\"publisher\":{\"@id\":\"https:\\\/\\\/www.graf-verpackungen.de\\\/#organization\"},\"potentialAction\":[{\"@type\":\"SearchAction\",\"target\":{\"@type\":\"EntryPoint\",\"urlTemplate\":\"https:\\\/\\\/www.graf-verpackungen.de\\\/?s={search_term_string}\"},\"query-input\":{\"@type\":\"PropertyValueSpecification\",\"valueRequired\":true,\"valueName\":\"search_term_string\"}}],\"inLanguage\":\"en-GB\"},{\"@type\":\"Organization\",\"@id\":\"https:\\\/\\\/www.graf-verpackungen.de\\\/#organization\",\"name\":\"Graf Verpackungen GmbH\",\"url\":\"https:\\\/\\\/www.graf-verpackungen.de\\\/\",\"logo\":{\"@type\":\"ImageObject\",\"inLanguage\":\"en-GB\",\"@id\":\"https:\\\/\\\/www.graf-verpackungen.de\\\/#\\\/schema\\\/logo\\\/image\\\/\",\"url\":\"https:\\\/\\\/www.graf-verpackungen.de\\\/wp-content\\\/uploads\\\/2022\\\/01\\\/logo250x86.png\",\"contentUrl\":\"https:\\\/\\\/www.graf-verpackungen.de\\\/wp-content\\\/uploads\\\/2022\\\/01\\\/logo250x86.png\",\"width\":250,\"height\":86,\"caption\":\"Graf Verpackungen GmbH\"},\"image\":{\"@id\":\"https:\\\/\\\/www.graf-verpackungen.de\\\/#\\\/schema\\\/logo\\\/image\\\/\"}}]}<\/script>\n<!-- \/ Yoast SEO plugin. -->","yoast_head_json":{"title":"Jobs - Graf Verpackungen GmbH","robots":{"index":"index","follow":"follow","max-snippet":"max-snippet:-1","max-image-preview":"max-image-preview:large","max-video-preview":"max-video-preview:-1"},"canonical":"https:\/\/www.graf-verpackungen.de\/en\/jobs\/","og_locale":"en_GB","og_type":"article","og_title":"Jobs - Graf Verpackungen GmbH","og_description":"\u00a0Sie sind auf der Suche nach einem tollen Arbeitsklima und einer Festanstellung mit Perspektive und guten Verdienstm\u00f6glichkeiten? Dann sind Sie bei Graf Verpackungen GmbH genau richtig! Wir bilden auch aus!Erlernt bei uns den Beruf des- Packmitteltechnologen- Medientechnologen\/Druck Senden Sie uns Ihre Bewerbungsunterlagen per E-Mail oder rufen Sie uns einfach an. Wir freuen uns auf Sie! [&hellip;]","og_url":"https:\/\/www.graf-verpackungen.de\/en\/jobs\/","og_site_name":"Graf Verpackungen GmbH","article_modified_time":"2026-01-11T14:20:49+00:00","twitter_card":"summary_large_image","twitter_misc":{"Estimated reading time":"4 minutes"},"schema":{"@context":"https:\/\/schema.org","@graph":[{"@type":"WebPage","@id":"https:\/\/www.graf-verpackungen.de\/jobs\/","url":"https:\/\/www.graf-verpackungen.de\/jobs\/","name":"Jobs - Graf Verpackungen GmbH","isPartOf":{"@id":"https:\/\/www.graf-verpackungen.de\/#website"},"datePublished":"2022-03-29T09:56:41+00:00","dateModified":"2026-01-11T14:20:49+00:00","breadcrumb":{"@id":"https:\/\/www.graf-verpackungen.de\/jobs\/#breadcrumb"},"inLanguage":"en-GB","potentialAction":[{"@type":"ReadAction","target":["https:\/\/www.graf-verpackungen.de\/jobs\/"]}]},{"@type":"BreadcrumbList","@id":"https:\/\/www.graf-verpackungen.de\/jobs\/#breadcrumb","itemListElement":[{"@type":"ListItem","position":1,"name":"Startseite","item":"https:\/\/www.graf-verpackungen.de\/"},{"@type":"ListItem","position":2,"name":"Jobs"}]},{"@type":"WebSite","@id":"https:\/\/www.graf-verpackungen.de\/#website","url":"https:\/\/www.graf-verpackungen.de\/","name":"Graf Verpackungen GmbH","description":"","publisher":{"@id":"https:\/\/www.graf-verpackungen.de\/#organization"},"potentialAction":[{"@type":"SearchAction","target":{"@type":"EntryPoint","urlTemplate":"https:\/\/www.graf-verpackungen.de\/?s={search_term_string}"},"query-input":{"@type":"PropertyValueSpecification","valueRequired":true,"valueName":"search_term_string"}}],"inLanguage":"en-GB"},{"@type":"Organization","@id":"https:\/\/www.graf-verpackungen.de\/#organization","name":"Graf Verpackungen GmbH","url":"https:\/\/www.graf-verpackungen.de\/","logo":{"@type":"ImageObject","inLanguage":"en-GB","@id":"https:\/\/www.graf-verpackungen.de\/#\/schema\/logo\/image\/","url":"https:\/\/www.graf-verpackungen.de\/wp-content\/uploads\/2022\/01\/logo250x86.png","contentUrl":"https:\/\/www.graf-verpackungen.de\/wp-content\/uploads\/2022\/01\/logo250x86.png","width":250,"height":86,"caption":"Graf Verpackungen GmbH"},"image":{"@id":"https:\/\/www.graf-verpackungen.de\/#\/schema\/logo\/image\/"}}]}},"_links":{"self":[{"href":"https:\/\/www.graf-verpackungen.de\/en\/wp-json\/wp\/v2\/pages\/945","targetHints":{"allow":["GET"]}}],"collection":[{"href":"https:\/\/www.graf-verpackungen.de\/en\/wp-json\/wp\/v2\/pages"}],"about":[{"href":"https:\/\/www.graf-verpackungen.de\/en\/wp-json\/wp\/v2\/types\/page"}],"author":[{"embeddable":true,"href":"https:\/\/www.graf-verpackungen.de\/en\/wp-json\/wp\/v2\/users\/1"}],"replies":[{"embeddable":true,"href":"https:\/\/www.graf-verpackungen.de\/en\/wp-json\/wp\/v2\/comments?post=945"}],"version-history":[{"count":80,"href":"https:\/\/www.graf-verpackungen.de\/en\/wp-json\/wp\/v2\/pages\/945\/revisions"}],"predecessor-version":[{"id":2675,"href":"https:\/\/www.graf-verpackungen.de\/en\/wp-json\/wp\/v2\/pages\/945\/revisions\/2675"}],"wp:attachment":[{"href":"https:\/\/www.graf-verpackungen.de\/en\/wp-json\/wp\/v2\/media?parent=945"}],"curies":[{"name":"wp","href":"https:\/\/api.w.org\/{rel}","templated":true}]}}